{"id":35,"date":"2023-06-20T17:43:05","date_gmt":"2023-06-20T17:43:05","guid":{"rendered":"https:\/\/casadopovodecampomaior.pt\/?page_id=35"},"modified":"2023-06-20T23:34:55","modified_gmt":"2023-06-20T23:34:55","slug":"breve-historia-das-casas-do-povo-2","status":"publish","type":"page","link":"https:\/\/casadopovodecampomaior.pt\/index.php\/breve-historia-das-casas-do-povo-2\/","title":{"rendered":"Breve Hist\u00f3ria das Casas do Povo."},"content":{"rendered":"\n<figure class=\"wp-block-image\"><img decoding=\"async\" src=\"https:\/\/casadopovodecampomaior.pt\/wp-content\/uploads\/2023\/06\/logo.jpg\" alt=\"\"\/><\/figure>\n\n\n\n<p class=\"has-text-align-center\">A Casa do Povo de Campo Maior foi a 1\u00aa filial da<br>Casa do Povo de Lisboa, nesta altura existiam duas Casas do Povo: a Casa do<br>Povo de Lisboa e a Porto.<\/p>\n\n\n\n<p class=\"has-text-align-center\">Quem formou, a primeira Casa do Povo foram os<br>socialistas e Salazar o que fez foi copiar o modelo e a partir da\u00ed foi formando<br>mais Casas do Povo.<\/p>\n\n\n\n<!--more-->\n\n\n\n<p class=\"has-text-align-center\">As Casas do Povo (CP) foram criadas por<br>Decreto-Lei n\u00ba 23051, em 23 de Setembro de 1933.<\/p>\n\n\n\n<p class=\"has-text-align-center\">Podem elencar-se dois grandes per\u00edodos<br>historiogr\u00e1ficos das Casas do Povo: o per\u00edodo at\u00e9 1974 em que, como parte de um<br>projecto pol\u00edtico de matriz corporativa, se constitu\u00edram como liga\u00e7\u00f5es privilegiadas<br>entre o Estado e as comunidades rurais e seus trabalhadores; e o per\u00edodo p\u00f3s-25<br>de Abril, em que se adaptaram a um projecto pol\u00edtico de matriz democr\u00e1tica,<br>caminhando lenta, mas progressivamente, para a independ\u00eancia jur\u00eddica e<br>financeira do poder central.<\/p>\n\n\n\n<p class=\"has-text-align-center\">Os primeiros Estatutos da CPSE, que datam do ano<br>da sua constitui\u00e7\u00e3o, continham j\u00e1 todas as vertentes de actua\u00e7\u00e3o que marcariam<br>a hist\u00f3ria das Casas do Povo at\u00e9 1974: uma fun\u00e7\u00e3o educativa e cultural e uma<br>fun\u00e7\u00e3o assistencialista e previdencial; esta \u00faltima estabelecida pelo<br>Decreto-Lei n\u00ba 30710 de 29 de Agosto de 1940.<\/p>\n\n\n\n<p class=\"has-text-align-center\">At\u00e9 1974, as Casas do Povo desempenharam pois um<br>papel fundamental na assist\u00eancia m\u00e9dica, na velhice ou na oferta cultural e<br>educacional \u00e0s popula\u00e7\u00f5es rurais. A cria\u00e7\u00e3o, j\u00e1 em regime democr\u00e1tico, de<br>sistemas de sa\u00fade e de previd\u00eancia universais (Servi\u00e7o Nacional de Sa\u00fade e<br>Seguran\u00e7a Social), veio substituir parte das fun\u00e7\u00f5es tradicionais das Casas do Povo.<\/p>\n\n\n\n<p class=\"has-text-align-center\">O caminho tra\u00e7ado para as Casas do Povo desde<br>ent\u00e3o, e a CPSE n\u00e3o foi excep\u00e7\u00e3o, foi o da lenta mas progressiva desvincula\u00e7\u00e3o<br>da tutela do Estado. At\u00e9 se constitu\u00edrem como associa\u00e7\u00f5es de direito privado,<br>em 1990 e atrav\u00e9s do Decreto-lei 246\/90 de 27 de Julho, as Casas do Povo<br>passaram ainda pela tutela do Estado atrav\u00e9s da Junta das Casas do Povo<br>(Decreto-Lei n\u00ba4\/82 de 11 de Janeiro) e, na sequ\u00eancia da extin\u00e7\u00e3o desta em 1985<br>(Decreto-Lei n\u00ba185\/85, de 29 de Maio), atrav\u00e9s dos Centros Regionais de<br>Seguran\u00e7a Social.<\/p>\n\n\n\n<p class=\"has-text-align-center\">Dependendo da sua hist\u00f3ria particular, as fun\u00e7\u00f5es<br>actualmente desempenhadas por cada uma das Casas do Povo continuam a ter uma<br>forte liga\u00e7\u00e3o \u00e0s comunidades rurais em que surgiram, apesar de mudan\u00e7as<br>demogr\u00e1ficas terem transformado radicalmente o contexto sociocultural de muitas<br>delas. O espectro das actividades das Casas do Povo continua tamb\u00e9m a ser vasto<br>e pode ir desde a assist\u00eancia social, em val\u00eancias que o Estado n\u00e3o p\u00f4de chamar<br>a si (centros de dia ou resid\u00eancias para os mais velhos, infant\u00e1rios, etc.),<br>at\u00e9 \u00e0s mais variadas actividades de \u00edndole cultural, quer sejam de \u00e2mbito<br>desportivo, educativo, art\u00edstico, etc\u2026<\/p>\n\n\n\n<p class=\"has-text-align-center\">As casas do Povo, que antes do 25 de Abril eram org\u00e3os representativos, de provid\u00eancia<br>social e anima\u00e7\u00e3o s\u00f3cio-cultural das comunidades rurais, uma vez criados os<br>Centros Regionais de Sa\u00fade e Seguran\u00e7a Social e os Sindicatos Livres para<br>defesa dos interesses dos agricultores, ficaram com uma \u00e1rea bastante reduzida.<\/p>\n\n\n\n<p class=\"has-text-align-center\">A Casa do Povo de Campo Maior data de 14 de Abril de 1934 (data do seu alvar\u00e1).<\/p>\n\n\n\n<p class=\"has-text-align-center\">Desde<br>sempre teve, esta Institui\u00e7\u00e3o um papel muito importante na vertente social\u2026<br>junto dos mais desfavorecidos\u2026 nesta Casa havia o atendimento m\u00e9dico (com os<br>mais variados servi\u00e7os m\u00e9dicos) e de enfermagem (vacinas e cuidados v\u00e1rias); a<br>aleita\u00e7\u00e3o que facilitava leite para os beb\u00e9s (no caso da m\u00e3e n\u00e3o ter leite<br>materno); aqui se ensinava a bordar, a costurar\u2026 coisas fundamentais nesses<br>anos passados! Nesta Institui\u00e7\u00e3o existiam grupos de folclore, de teatro\u2026 entre<br>muitas outras actividades sempre viradas para os mais desfavorecidos;<\/p>\n\n\n\n<p class=\"has-text-align-center\">A liga\u00e7\u00e3o da Institui\u00e7\u00e3o aos mais pequeninos vem desde sempre: primeiro com a<br>chamada \u201cObra das M\u00e3es\u201d, era nesta vertente que se apoiava a parte da<br>lact\u00e2ncia, o apoio m\u00e9dico e de enfermagem\u2026 surgiu integrada nesta \u201cObra das M\u00e3es\u201d,<br>a creche que acarinhava e cuidava, enquanto ao pais trabalhavam, crian\u00e7as dos 3<br>meses aos 5 anos; e muitos anos depois com a extin\u00e7\u00e3o da creche, surge o<br>A.T.L., que neste momento est\u00e1 em pleno funcionamento e conta j\u00e1 com 27 anos de<br>\u201cvida\u201d.<\/p>\n\n\n\n<p class=\"has-text-align-center\">Com o passar dos anos, na vertente cultural, foram surgindo in\u00fameros grupos que se<br>dedicavam aos jogos tradicionais e n\u00e3o s\u00f3 aos tradicionais: a malha, o tiro ao<br>alvo, o BTT, as damas, o xadrez, o atletismo, o futsal, o basquetebol, o<br>ciclismo, grupo de gaitas, \u2026 muito mais tarde surge o judo, tamb\u00e9m o judo j\u00e1<br>conta com 27 anos de exist\u00eancia, e a petanca. Verifica-se hoje em dia que cada<br>vez menos as pessoa se dedicam a actividades amadoras.<\/p>\n\n\n\n<p class=\"has-text-align-center\">A nossa Institui\u00e7\u00e3o sempre apoiou e incentivou a pr\u00e1tica de desportos a nossa<br>Sala de Reuni\u00f5es da Direc\u00e7\u00e3o\/Sala de trof\u00e9us (com cerca de 900 trof\u00e9us) \u201cconta\u201d<br>a hist\u00f3ria da dedica\u00e7\u00e3o e o carinho que tantos e tantos puseram ao servi\u00e7o<br>volunt\u00e1rio desta Institui\u00e7\u00e3o levando o bom nome desta Casa a todo o pa\u00eds.<\/p>\n\n\n\n<p class=\"has-text-align-center\">CASA DO<br>POVO DE CAMPO MAIOR<\/p>\n\n\n\n<p class=\"has-text-align-center\">LISTA DOS<br>PRIMEIROS DIRETORES (1932)<\/p>\n\n\n\n<p><!-- [if !supportLists]-->\u2022&nbsp;1\u00ba-Manuel Henriques Sardinha<\/p>\n\n\n\n<p><!-- [if !supportLists]-->\u2022&nbsp;&nbsp;2\u00ba-Jos\u00e9 Cipriano das Chagas<\/p>\n\n\n\n<p><!-- [if !supportLists]-->\u2022&nbsp;3\u00ba-Geraldo dos Santos Barreiros<\/p>\n\n\n\n<p><!-- [if !supportLists]-->\u2022&nbsp;&nbsp;4\u00ba-Manuel Augusto Rond\u00e3o<\/p>\n\n\n\n<p><!-- [if !supportLists]-->\u2022&nbsp;&nbsp;5\u00ba-Eduardo Jos\u00e9 Costal<\/p>\n\n\n\n<p><!-- [if !supportLists]-->\u2022&nbsp;&nbsp;6\u00ba-Ant\u00f3nio Lu\u00eds Bonita<\/p>\n\n\n\n<p><!-- [if !supportLists]-->\u2022&nbsp;7\u00ba-Jos\u00e9 Joaquim Grazina<\/p>\n\n\n\n<p><!-- [if !supportLists]-->\u2022&nbsp; &nbsp;8\u00ba-Jo\u00e3o Pereira Serra<\/p>\n\n\n\n<p><!-- [if !supportLists]-->\u2022&nbsp;&nbsp;9\u00ba-Jo\u00e3o Vaz Sutil J\u00fanior<\/p>\n\n\n\n<p><!-- [if !supportLists]-->\u2022&nbsp;10\u00ba-Joaquim Jos\u00e9 da Gorda<\/p>\n\n\n\n<p><!-- [if !supportLists]-->\u2022&nbsp;&nbsp;11\u00ba-Jo\u00e3o Cordeiro Ginga<\/p>\n\n\n\n<p><!-- [if !supportLists]-->\u2022&nbsp;&nbsp;12\u00ba-Manuel Ant\u00f3nio Ver\u00edssimo Borrega<\/p>\n\n\n\n<p>A Casa do Povo de Campo Maior.<\/p>\n","protected":false},"excerpt":{"rendered":"<p>A Casa do Povo de Campo Maior foi a 1\u00aa filial daCasa do Povo de Lisboa, nesta altura existiam duas Casas do Povo: a Casa doPovo de Lisboa e a Porto. Quem formou, a primeira Casa do Povo foram ossocialistas e Salazar o que fez foi copiar o modelo e a partir da\u00ed foi formandomais &hellip; <\/p>\n<p class=\"link-more\"><a href=\"https:\/\/casadopovodecampomaior.pt\/index.php\/breve-historia-das-casas-do-povo-2\/\" class=\"more-link\">Continuar a ler <span class=\"screen-reader-text\">&#8220;Breve Hist\u00f3ria das Casas do Povo.&#8221;<\/span><\/a><\/p>\n","protected":false},"author":1,"featured_media":85,"parent":0,"menu_order":0,"comment_status":"closed","ping_status":"closed","template":"","meta":{"footnotes":""},"class_list":["post-35","page","type-page","status-publish","has-post-thumbnail","hentry"],"jetpack_sharing_enabled":true,"_links":{"self":[{"href":"https:\/\/casadopovodecampomaior.pt\/index.php\/wp-json\/wp\/v2\/pages\/35","targetHints":{"allow":["GET"]}}],"collection":[{"href":"https:\/\/casadopovodecampomaior.pt\/index.php\/wp-json\/wp\/v2\/pages"}],"about":[{"href":"https:\/\/casadopovodecampomaior.pt\/index.php\/wp-json\/wp\/v2\/types\/page"}],"author":[{"embeddable":true,"href":"https:\/\/casadopovodecampomaior.pt\/index.php\/wp-json\/wp\/v2\/users\/1"}],"replies":[{"embeddable":true,"href":"https:\/\/casadopovodecampomaior.pt\/index.php\/wp-json\/wp\/v2\/comments?post=35"}],"version-history":[{"count":18,"href":"https:\/\/casadopovodecampomaior.pt\/index.php\/wp-json\/wp\/v2\/pages\/35\/revisions"}],"predecessor-version":[{"id":144,"href":"https:\/\/casadopovodecampomaior.pt\/index.php\/wp-json\/wp\/v2\/pages\/35\/revisions\/144"}],"wp:featuredmedia":[{"embeddable":true,"href":"https:\/\/casadopovodecampomaior.pt\/index.php\/wp-json\/wp\/v2\/media\/85"}],"wp:attachment":[{"href":"https:\/\/casadopovodecampomaior.pt\/index.php\/wp-json\/wp\/v2\/media?parent=35"}],"curies":[{"name":"wp","href":"https:\/\/api.w.org\/{rel}","templated":true}]}}