{"id":108,"date":"2023-06-20T23:18:38","date_gmt":"2023-06-20T23:18:38","guid":{"rendered":"https:\/\/casadopovodecampomaior.pt\/?page_id=108"},"modified":"2026-02-24T18:10:26","modified_gmt":"2026-02-24T18:10:26","slug":"contas","status":"publish","type":"page","link":"https:\/\/casadopovodecampomaior.pt\/index.php\/contas\/","title":{"rendered":"CONTAS"},"content":{"rendered":"\n<div data-wp-interactive=\"core\/file\" class=\"wp-block-file\"><object data-wp-bind--hidden=\"!state.hasPdfPreview\" hidden class=\"wp-block-file__embed\" data=\"https:\/\/casadopovodecampomaior.pt\/wp-content\/uploads\/2025\/03\/Relatorio-e-contas-2017.pdf\" type=\"application\/pdf\" style=\"width:100%;height:600px\" aria-label=\"Incorpora\u00e7\u00e3o de Relat\u00f3rio e contas 2017.\"><\/object><a id=\"wp-block-file--media-202dec5c-f2f6-4dea-9a3f-11e6be0d8896\" href=\"https:\/\/casadopovodecampomaior.pt\/wp-content\/uploads\/2025\/03\/Relatorio-e-contas-2017.pdf\">Relat\u00f3rio e contas 2017<\/a><a href=\"https:\/\/casadopovodecampomaior.pt\/wp-content\/uploads\/2025\/03\/Relatorio-e-contas-2017.pdf\" class=\"wp-block-file__button wp-element-button\" download aria-describedby=\"wp-block-file--media-202dec5c-f2f6-4dea-9a3f-11e6be0d8896\">Descarregar<\/a><\/div>\n\n\n\n<div data-wp-interactive=\"core\/file\" class=\"wp-block-file\"><object data-wp-bind--hidden=\"!state.hasPdfPreview\" hidden class=\"wp-block-file__embed\" data=\"https:\/\/casadopovodecampomaior.pt\/wp-content\/uploads\/2025\/03\/Relatorio-e-contas-2018.pdf\" type=\"application\/pdf\" style=\"width:100%;height:600px\" aria-label=\"Incorpora\u00e7\u00e3o de Relat\u00f3rio e contas 2018.\"><\/object><a id=\"wp-block-file--media-1362acdf-cae9-4521-bac2-a075798fac4b\" href=\"https:\/\/casadopovodecampomaior.pt\/wp-content\/uploads\/2025\/03\/Relatorio-e-contas-2018.pdf\">Relat\u00f3rio e contas 2018<\/a><a href=\"https:\/\/casadopovodecampomaior.pt\/wp-content\/uploads\/2025\/03\/Relatorio-e-contas-2018.pdf\" class=\"wp-block-file__button wp-element-button\" download aria-describedby=\"wp-block-file--media-1362acdf-cae9-4521-bac2-a075798fac4b\">Descarregar<\/a><\/div>\n\n\n\n<div data-wp-interactive=\"core\/file\" class=\"wp-block-file\"><object data-wp-bind--hidden=\"!state.hasPdfPreview\" hidden class=\"wp-block-file__embed\" data=\"https:\/\/casadopovodecampomaior.pt\/wp-content\/uploads\/2025\/03\/Relatorio-e-contas-do-exercicio-de-2019.pdf\" type=\"application\/pdf\" style=\"width:100%;height:580px\" aria-label=\"Incorpora\u00e7\u00e3o de Relat\u00f3rio e contas do exercicio de 2019.\"><\/object><a id=\"wp-block-file--media-a5d55020-e8af-4d72-9c44-1981fddfffc5\" href=\"https:\/\/casadopovodecampomaior.pt\/wp-content\/uploads\/2025\/03\/Relatorio-e-contas-do-exercicio-de-2019.pdf\">Relat\u00f3rio e contas do exercicio de 2019<\/a><a href=\"https:\/\/casadopovodecampomaior.pt\/wp-content\/uploads\/2025\/03\/Relatorio-e-contas-do-exercicio-de-2019.pdf\" class=\"wp-block-file__button wp-element-button\" download aria-describedby=\"wp-block-file--media-a5d55020-e8af-4d72-9c44-1981fddfffc5\">Descarregar<\/a><\/div>\n\n\n\n<div data-wp-interactive=\"core\/file\" class=\"wp-block-file\"><object data-wp-bind--hidden=\"!state.hasPdfPreview\" hidden class=\"wp-block-file__embed\" data=\"https:\/\/casadopovodecampomaior.pt\/wp-content\/uploads\/2025\/03\/Relatorio-e-contas-2020.pdf\" type=\"application\/pdf\" style=\"width:100%;height:550px\" aria-label=\"Incorpora\u00e7\u00e3o de Relat\u00f3rio e contas 2020.\"><\/object><a id=\"wp-block-file--media-9420f77e-6833-4caf-b275-6d87b499fe0a\" href=\"https:\/\/casadopovodecampomaior.pt\/wp-content\/uploads\/2025\/03\/Relatorio-e-contas-2020.pdf\">Relat\u00f3rio e contas 2020<\/a><a href=\"https:\/\/casadopovodecampomaior.pt\/wp-content\/uploads\/2025\/03\/Relatorio-e-contas-2020.pdf\" class=\"wp-block-file__button wp-element-button\" download aria-describedby=\"wp-block-file--media-9420f77e-6833-4caf-b275-6d87b499fe0a\">Descarregar<\/a><\/div>\n\n\n\n<div data-wp-interactive=\"core\/file\" class=\"wp-block-file\"><object data-wp-bind--hidden=\"!state.hasPdfPreview\" hidden class=\"wp-block-file__embed\" data=\"https:\/\/casadopovodecampomaior.pt\/wp-content\/uploads\/2025\/03\/Relatorio-e-contas-2021.pdf\" type=\"application\/pdf\" style=\"width:100%;height:600px\" aria-label=\"Incorpora\u00e7\u00e3o de Relat\u00f3rio e contas 2021.\"><\/object><a id=\"wp-block-file--media-f744c698-b440-4d66-a5b2-609dc209716a\" href=\"https:\/\/casadopovodecampomaior.pt\/wp-content\/uploads\/2025\/03\/Relatorio-e-contas-2021.pdf\">Relat\u00f3rio e contas 2021<\/a><a href=\"https:\/\/casadopovodecampomaior.pt\/wp-content\/uploads\/2025\/03\/Relatorio-e-contas-2021.pdf\" class=\"wp-block-file__button wp-element-button\" download aria-describedby=\"wp-block-file--media-f744c698-b440-4d66-a5b2-609dc209716a\">Descarregar<\/a><\/div>\n\n\n\n<div data-wp-interactive=\"core\/file\" class=\"wp-block-file\"><object data-wp-bind--hidden=\"!state.hasPdfPreview\" hidden class=\"wp-block-file__embed\" data=\"https:\/\/casadopovodecampomaior.pt\/wp-content\/uploads\/2025\/03\/Relatorio-e-contas-do-exercicio-de-2022.pdf\" type=\"application\/pdf\" style=\"width:100%;height:500px\" aria-label=\"Incorpora\u00e7\u00e3o de Relat\u00f3rio e contas do exercicio de 2022.\"><\/object><a id=\"wp-block-file--media-a454af6f-24b0-45fc-a553-6123e0cbf9c3\" href=\"https:\/\/casadopovodecampomaior.pt\/wp-content\/uploads\/2025\/03\/Relatorio-e-contas-do-exercicio-de-2022.pdf\">Relat\u00f3rio e contas do exercicio de 2022<\/a><a href=\"https:\/\/casadopovodecampomaior.pt\/wp-content\/uploads\/2025\/03\/Relatorio-e-contas-do-exercicio-de-2022.pdf\" class=\"wp-block-file__button wp-element-button\" download aria-describedby=\"wp-block-file--media-a454af6f-24b0-45fc-a553-6123e0cbf9c3\">Descarregar<\/a><\/div>\n\n\n\n<div data-wp-interactive=\"core\/file\" class=\"wp-block-file\"><object data-wp-bind--hidden=\"!state.hasPdfPreview\" hidden class=\"wp-block-file__embed\" data=\"https:\/\/casadopovodecampomaior.pt\/wp-content\/uploads\/2025\/03\/Relatorio-e-contas-do-exercicio-de-2023.pdf\" type=\"application\/pdf\" style=\"width:100%;height:520px\" aria-label=\"Incorpora\u00e7\u00e3o de Relat\u00f3rio e contas do exercicio de 2023.\"><\/object><a id=\"wp-block-file--media-6ec04fa8-ef44-4543-8dc7-db87c1e70369\" href=\"https:\/\/casadopovodecampomaior.pt\/wp-content\/uploads\/2025\/03\/Relatorio-e-contas-do-exercicio-de-2023.pdf\">Relat\u00f3rio e contas do exercicio de 2023<\/a><a href=\"https:\/\/casadopovodecampomaior.pt\/wp-content\/uploads\/2025\/03\/Relatorio-e-contas-do-exercicio-de-2023.pdf\" class=\"wp-block-file__button wp-element-button\" download aria-describedby=\"wp-block-file--media-6ec04fa8-ef44-4543-8dc7-db87c1e70369\">Descarregar<\/a><\/div>\n\n\n\n<div data-wp-interactive=\"core\/file\" class=\"wp-block-file\"><object data-wp-bind--hidden=\"!state.hasPdfPreview\" hidden class=\"wp-block-file__embed\" data=\"https:\/\/casadopovodecampomaior.pt\/wp-content\/uploads\/2026\/02\/Relatorio-e-contas-do-exercicio-de-2024.pdf\" type=\"application\/pdf\" style=\"width:100%;height:600px\" aria-label=\"Incorpora\u00e7\u00e3o de Relat\u00f3rio e contas do exercicio de 2024.\"><\/object><a id=\"wp-block-file--media-1bb474e9-6c21-490e-ad5f-cb621eb20cd8\" href=\"https:\/\/casadopovodecampomaior.pt\/wp-content\/uploads\/2026\/02\/Relatorio-e-contas-do-exercicio-de-2024.pdf\">Relat\u00f3rio e contas do exercicio de 2024<\/a><a href=\"https:\/\/casadopovodecampomaior.pt\/wp-content\/uploads\/2026\/02\/Relatorio-e-contas-do-exercicio-de-2024.pdf\" class=\"wp-block-file__button wp-element-button\" download aria-describedby=\"wp-block-file--media-1bb474e9-6c21-490e-ad5f-cb621eb20cd8\">Descarregar<\/a><\/div>\n","protected":false},"excerpt":{"rendered":"","protected":false},"author":1,"featured_media":0,"parent":0,"menu_order":0,"comment_status":"closed","ping_status":"closed","template":"","meta":{"footnotes":""},"class_list":["post-108","page","type-page","status-publish","hentry"],"jetpack_sharing_enabled":true,"_links":{"self":[{"href":"https:\/\/casadopovodecampomaior.pt\/index.php\/wp-json\/wp\/v2\/pages\/108","targetHints":{"allow":["GET"]}}],"collection":[{"href":"https:\/\/casadopovodecampomaior.pt\/index.php\/wp-json\/wp\/v2\/pages"}],"about":[{"href":"https:\/\/casadopovodecampomaior.pt\/index.php\/wp-json\/wp\/v2\/types\/page"}],"author":[{"embeddable":true,"href":"https:\/\/casadopovodecampomaior.pt\/index.php\/wp-json\/wp\/v2\/users\/1"}],"replies":[{"embeddable":true,"href":"https:\/\/casadopovodecampomaior.pt\/index.php\/wp-json\/wp\/v2\/comments?post=108"}],"version-history":[{"count":4,"href":"https:\/\/casadopovodecampomaior.pt\/index.php\/wp-json\/wp\/v2\/pages\/108\/revisions"}],"predecessor-version":[{"id":203,"href":"https:\/\/casadopovodecampomaior.pt\/index.php\/wp-json\/wp\/v2\/pages\/108\/revisions\/203"}],"wp:attachment":[{"href":"https:\/\/casadopovodecampomaior.pt\/index.php\/wp-json\/wp\/v2\/media?parent=108"}],"curies":[{"name":"wp","href":"https:\/\/api.w.org\/{rel}","templated":true}]}}